{"id":12,"date":"2019-06-17T10:12:30","date_gmt":"2019-06-17T14:12:30","guid":{"rendered":"https:\/\/www.transmissionlaval.com\/?page_id=12"},"modified":"2024-10-28T15:01:53","modified_gmt":"2024-10-28T19:01:53","slug":"installation-de-transmission","status":"publish","type":"page","link":"https:\/\/www.transmissionlaval.com\/fr\/installation-de-transmission\/","title":{"rendered":"Installation de transmission"},"content":{"rendered":"<section class=\"h1-container\">\n<div class=\"container\">\n<div class=\"row\">\n<div class=\"col-xl-10 col-xxl-7 mx-auto\">\n<div class=\"h1-div text-center\">\n<div class=\"lc-block\">\n<div editable=\"rich\">\n<h1><strong>Transmart Inc<\/strong>Installation de transmission de v\u00e9hicule \u00e0 Chomedey, Laval<\/h1>\n<\/p><\/div>\n<\/p><\/div>\n<p><!-- \/lc-block --><\/p>\n<div class=\"lc-block\">\n<div lc-helper=\"shortcode\" class=\"live-shortcode\"><a class=\"contact btn\" href=\"https:\/\/www.transmissionlaval.com\/fr\/contact\/\" aria-label=\"Demandez une estimation\">Demandez une estimation<\/a><\/div>\n<\/p><\/div>\n<p><!-- \/lc-block -->\n\t\t\t\t<\/div>\n<\/p><\/div>\n<p><!-- \/col -->\n\t\t<\/div>\n<\/p><\/div>\n<\/section>\n<section class=\"content-container\">\n<div class=\"container\">\n<div class=\"row\">\n<div class=\"col-12 col-lg-8\">\n<div class=\"lc-block main_text\">\n<div editable=\"rich\">\n<h2>Chez Transmart Inc, nous faisons l\u2019installation de transmission \u00e0 Chomedey, Laval<\/h2>\n<p>Si vous \u00eates \u00e0 Chomedey Laval, et avez besoin de remplacer ou de faire l\u2019installation de votre transmission, ne cherchez pas plus loin! Chez Transmart Inc, nous sommes experts en la mati\u00e8re et nous savons exactement les \u00e9tapes \u00e0 prendre pour une installation de transmission qui en vaut la peine.<\/p>\n<\/p>\n<p>Les transmissions sont des \u00e9l\u00e9ments importants pour le bon fonctionnement de votre auto et une mauvaise transmission peut causer de nombreux probl\u00e8mes, en plus de mettre en danger, vous, vos passagers et les autres. Pour cela, d\u00e8s que vous identifiez une anomalie ou un probl\u00e8me, ne tardez pas. Chez Transmart Inc, nous avons des professionnels qualifi\u00e9s qui sauront identifier exactement les besoins de votre auto et travaillerons de sorte que vous obteniez un r\u00e9sultat satisfaisant.<\/p>\n<p>Le remplacement d\u2019une transmission est une t\u00e2che d\u00e9licate qu\u2019il est conseill\u00e9 de laisser-faire par un expert, de cette mani\u00e8re, il saura prendre toutes les pr\u00e9cautions n\u00e9cessaires pour vous emp\u00eacher de provoquer d\u2019autres cons\u00e9quences plus graves, car une transmission mal install\u00e9e vient avec ses propres difficult\u00e9s et ses d\u00e9fis.<\/p>\n<p>Chez Transmart Inc, nous invitons tous nos clients \u00e0 venir nous rencontrer r\u00e9guli\u00e8rement, car lors des rendez-vous d\u2019entretien, nous pourrons identifier toute panne d\u00e9butante ou toute autre anomalie, ce qui vous \u00e9vitera de vous retrouver avec des probl\u00e8mes m\u00e9caniques graves. Chez Transmart Inc, nos m\u00e9caniciens sauront vous offrir de pr\u00e9cieux conseils en vous renseignant sur les bonnes pratiques \u00e0 prendre, les prochaines \u00e9tapes de r\u00e9paration et plus!<\/p>\n<p>Ne manquez donc pas vos rendez-vous r\u00e9guliers. Venez nous rencontrer \u00e0 Chomedey, Laval.<\/p>\n<\/p><\/div>\n<\/p><\/div>\n<p><!-- \/lc-block --><\/p>\n<div class=\"lc-block\">\n<div lc-helper=\"shortcode\" class=\"live-shortcode\"><a class=\"contact btn\" href=\"https:\/\/www.transmissionlaval.com\/fr\/contact\/\" aria-label=\"Demandez un rendez-vous\">Demandez un rendez-vous<\/a><\/div>\n<\/p><\/div>\n<p><!-- \/lc-block -->\n\t\t\t<\/div>\n<p><!-- \/col --><\/p>\n<div class=\"col-lg-4\">\n<div class=\"lc-block info-box panel-collapse collapse d-xl-block\" id=\"coord-container\">\n\t\t\t\t\t<picture><source srcset=\"https:\/\/www.transmissionlaval.com\/wp-content\/uploads\/2021\/10\/Image_4_3.webp\" type=\"image\/webp\"><img decoding=\"async\" class=\"img-fluid mt-4 mx-auto mt-lg-0\" src=\"https:\/\/www.transmissionlaval.com\/wp-content\/uploads\/2021\/10\/Image_4_3.jpg\" alt=\"\"><\/picture>\n\t\t\t\t<\/div>\n<p><!-- \/lc-block -->\n\t\t\t<\/div>\n<p><!-- \/col -->\n\t\t<\/div>\n<\/p><\/div>\n<\/section>\n<section class=\"content-container grey\">\n<div class=\"container\">\n<div class=\"row\">\n<div class=\"col-lg-5 order-last order-lg-first\">\n<div class=\"lc-block\">\n\t\t\t\t\t<picture><source srcset=\"https:\/\/www.transmissionlaval.com\/wp-content\/uploads\/2021\/10\/Image_5-2.webp\" type=\"image\/webp\"><img decoding=\"async\" class=\"img-fluid mt-4 mt-lg-0\" src=\"https:\/\/www.transmissionlaval.com\/wp-content\/uploads\/2021\/10\/Image_5-2.jpg\" alt=\"\"><\/picture>\n\t\t\t\t<\/div>\n<p><!-- \/lc-block -->\n\t\t\t<\/div>\n<p><!-- \/col --><\/p>\n<div class=\"col-lg-7 order-first order-lg-last\">\n<div class=\"lc-block\">\n<div editable=\"rich\">\n<h2>Chez Transmart Inc, nous sommes experts en installation de transmission automobile \u00e0 Laval, Chomedey<\/h2>\n<p>Pour toute installation de transmission ou remplacement, faites confiance \u00e0 Transmart Inc \u00e0 Chomedey, Laval. La transmission \u00e9tant importante, que ce soit une voiture manuelle ou automatique et faire l\u2019installation de transmission n\u2019est pas une t\u00e2che qui devrait \u00eatre prise \u00e0 la l\u00e9g\u00e8re. Chez Transmart Inc, nos experts sauront les \u00e9tapes \u00e0 prendre pour vous permettre de b\u00e9n\u00e9ficier d\u2019un travail fait avec pr\u00e9cision, afin de profiter de votre auto sans devoir vous soucier de probl\u00e8mes additionnels. Leur exp\u00e9rience leur permettra de savoir exactement quels pi\u00e8ges \u00e9viter et les bonnes pratiques \u00e0 utiliser pour garantir un bon r\u00e9sultat.<\/p>\n<\/p>\n<p>Si votre voiture vous envoie des signaux tels que des fuites d\u2019huile, une odeur anormale, ou encore de la difficult\u00e9 lors des changements de vitesse, il serait temps de prendre rendez-vous pour une visite. Le plus t\u00f4t on identifie un probl\u00e8me de transmission, le plus rapidement nous pouvons en faire l\u2019installation ou le remplacement.<\/p>\n<p>Contactez-nous au 450-933-5572 pour plus d\u2019informations.<\/p>\n<\/p><\/div>\n<\/p><\/div>\n<p><!-- \/lc-block --><\/p>\n<div class=\"lc-block\">\n<div lc-helper=\"shortcode\" class=\"live-shortcode\"><a class=\"contact btn\" href=\"https:\/\/www.transmissionlaval.com\/fr\/contact\/\" aria-label=\"Demandez un rendez-vous\">Demandez un rendez-vous<\/a><\/div>\n<\/p><\/div>\n<p><!-- \/lc-block -->\n\t\t\t<\/div>\n<p><!-- \/col -->\n\t\t<\/div>\n<\/p><\/div>\n<\/section>\n<section class=\"content-container\">\n<div class=\"container\">\n<div class=\"row\">\n<div class=\"col-lg-6\">\n<div class=\"lc-block\">\n<div lc-helper=\"shortcode\" class=\"live-shortcode\"><h2>Services offerts :<\/h2><ul><li>R\u00e9paration et installation de transmission<\/li><li>Vente de pi\u00e8ces<\/li><li>Changement d\u2019huile<\/li><li>Changement refroidisseur d\u2019huile<\/li><li>Diagnostique d\u2018\u00e9lectronique<\/li><li>Installation de transmission r\u00e9usin\u00e9 et usag\u00e9<\/li><\/ul><\/div>\n<\/p><\/div>\n<p><!-- \/lc-block -->\n\t\t\t<\/div>\n<p><!-- \/col --><\/p>\n<div class=\"col-lg-6\">\n<div class=\"lc-block\">\n<div lc-helper=\"shortcode\" class=\"live-shortcode\"><div class=\"side_infos\"><p class=\"company_name\">Transmart Inc<\/p><p class=\"address\">1992 avenue Francis-Hugues<br>Chomedey, Laval  H7S 1N4<\/p><a class=\"contact btn\" href=\"https:\/\/www.transmissionlaval.com\/fr\/contact\/\" aria-label=\"Contactez-nous\">Contactez-nous<\/a><p class=\"telephone\">Tel. : 450-933-5572<\/p><p class=\"heures-ouverture\">Heures d'ouverture <br>Lundi au jeudi de 8h \u00e0 17h\r\n<\/p><picture><source srcset=\"\/wp-content\/uploads\/2021\/10\/paiements.webp\" type=\"image\/webp\"><img decoding=\"async\" src=\"\/wp-content\/uploads\/2021\/10\/paiements.png\" alt=\"\"><\/picture><\/div><\/div>\n<\/p><\/div>\n<p><!-- \/lc-block -->\n\t\t\t<\/div>\n<p><!-- \/col -->\n\t\t<\/div>\n<\/p><\/div>\n<\/section>\n<section class=\"content-container grey\">\n<div class=\"container\">\n<div class=\"row\">\n<div class=\"col-lg-5 order-last order-lg-first\">\n<div class=\"lc-block\">\n\t\t\t\t\t<picture><source srcset=\"https:\/\/www.transmissionlaval.com\/wp-content\/uploads\/2021\/10\/Image_6.webp\" type=\"image\/webp\"><img decoding=\"async\" class=\"img-fluid mt-4 mt-lg-0\" src=\"https:\/\/www.transmissionlaval.com\/wp-content\/uploads\/2021\/10\/Image_6.jpg\" alt=\"\"><\/picture>\n\t\t\t\t<\/div>\n<p><!-- \/lc-block -->\n\t\t\t<\/div>\n<p><!-- \/col --><\/p>\n<div class=\"col-lg-7 order-first order-lg-last\">\n<div class=\"lc-block\">\n<div editable=\"rich\">\n<h2>Quand faut-il une nouvelle installation de transmission?<\/h2>\n<p>Il est dangereux pour vous et les autres de continuer \u00e0 utiliser votre voiture normalement malgr\u00e9 la d\u00e9tection d\u2019un probl\u00e8me de transmission. D\u00e8s que vous identifiez que votre transmission est d\u00e9fectueuse, n\u2019attendez pas qu\u2019il soit trop tard, prenez vos pr\u00e9cautions le plus t\u00f4t possible. D\u00e8s l\u2019apparition des premiers sympt\u00f4mes comme des bruits anormaux dans votre auto, des fuites ou de la difficult\u00e9 lors d\u2019un changement de vitesse, prenez rendez-vous avec Transmart Inc dans le secteur de Chomedey \u00e0 Laval pour un diagnostic et proc\u00e9dez \u00e0 l\u2019installation d\u2019une nouvelle transmission si n\u00e9cessaire.<\/p>\n<\/p>\n<p>Si vous \u00eates \u00e0 Chomedey, Laval, contactez-nous pour l\u2019installation d\u2019une nouvelle transmission<\/p>\n<\/p><\/div>\n<\/p><\/div>\n<p><!-- \/lc-block --><\/p>\n<div class=\"lc-block\">\n<div lc-helper=\"shortcode\" class=\"live-shortcode\"><a class=\"contact btn\" href=\"https:\/\/www.transmissionlaval.com\/fr\/contact\/\" aria-label=\"Demandez un rendez-vous\">Demandez un rendez-vous<\/a><\/div>\n<\/p><\/div>\n<p><!-- \/lc-block -->\n\t\t\t<\/div>\n<p><!-- \/col -->\n\t\t<\/div>\n<\/p><\/div>\n<\/section>\n","protected":false},"excerpt":{"rendered":"<p>Transmart IncInstallation de transmission de v\u00e9hicule \u00e0 Chomedey, Laval Chez Transmart Inc, nous faisons l\u2019installation de transmission \u00e0 Chomedey, Laval Si vous \u00eates \u00e0 Chomedey Laval, et avez besoin de remplacer ou de faire l\u2019installation de votre transmission, ne cherchez pas plus loin! Chez Transmart Inc, nous sommes experts en la mati\u00e8re et nous savons [&hellip;]<\/p>\n","protected":false},"author":1,"featured_media":0,"parent":0,"menu_order":0,"comment_status":"closed","ping_status":"closed","template":"","meta":{"footnotes":""},"class_list":["post-12","page","type-page","status-publish","hentry"],"_links":{"self":[{"href":"https:\/\/www.transmissionlaval.com\/fr\/wp-json\/wp\/v2\/pages\/12","targetHints":{"allow":["GET"]}}],"collection":[{"href":"https:\/\/www.transmissionlaval.com\/fr\/wp-json\/wp\/v2\/pages"}],"about":[{"href":"https:\/\/www.transmissionlaval.com\/fr\/wp-json\/wp\/v2\/types\/page"}],"author":[{"embeddable":true,"href":"https:\/\/www.transmissionlaval.com\/fr\/wp-json\/wp\/v2\/users\/1"}],"replies":[{"embeddable":true,"href":"https:\/\/www.transmissionlaval.com\/fr\/wp-json\/wp\/v2\/comments?post=12"}],"version-history":[{"count":6,"href":"https:\/\/www.transmissionlaval.com\/fr\/wp-json\/wp\/v2\/pages\/12\/revisions"}],"predecessor-version":[{"id":692,"href":"https:\/\/www.transmissionlaval.com\/fr\/wp-json\/wp\/v2\/pages\/12\/revisions\/692"}],"wp:attachment":[{"href":"https:\/\/www.transmissionlaval.com\/fr\/wp-json\/wp\/v2\/media?parent=12"}],"curies":[{"name":"wp","href":"https:\/\/api.w.org\/{rel}","templated":true}]}}