{"id":14,"date":"2019-06-17T10:13:31","date_gmt":"2019-06-17T14:13:31","guid":{"rendered":"https:\/\/www.transmissionlaval.com\/?page_id=14"},"modified":"2024-10-28T15:05:32","modified_gmt":"2024-10-28T19:05:32","slug":"diagnostic-electronique","status":"publish","type":"page","link":"https:\/\/www.transmissionlaval.com\/fr\/diagnostic-electronique\/","title":{"rendered":"Diagnostic \u00e9lectronique"},"content":{"rendered":"<section class=\"h1-container\">\n<div class=\"container\">\n<div class=\"row\">\n<div class=\"col-lg-11 col-xl-8 col-xxl-7 mx-auto\">\n<div class=\"h1-div text-center\">\n<div class=\"lc-block\">\n<div editable=\"rich\">\n<h1><strong>Transmart Inc <\/strong>Diagnostic \u00e9lectronique pour voiture \u00e0 Chomedey, Laval<\/h1>\n<\/p><\/div>\n<\/p><\/div>\n<p><!-- \/lc-block --><\/p>\n<div class=\"lc-block\">\n<div lc-helper=\"shortcode\" class=\"live-shortcode\"><a class=\"contact btn\" href=\"https:\/\/www.transmissionlaval.com\/fr\/contact\/\" aria-label=\"Demandez une estimation\">Demandez une estimation<\/a><\/div>\n<\/p><\/div>\n<p><!-- \/lc-block -->\n\t\t\t\t<\/div>\n<\/p><\/div>\n<p><!-- \/col -->\n\t\t<\/div>\n<\/p><\/div>\n<\/section>\n<section class=\"content-container\">\n<div class=\"container\">\n<div class=\"row\">\n<div class=\"col-12 col-lg-8\">\n<div class=\"lc-block main_text\">\n<div editable=\"rich\">\n<h2>Diagnostic \u00e9lectronique de votre voiture \u00e0 Chomedey, Laval avec Transmart Inc<\/h2>\n<p>\u00c0 Laval, Chomedey, Transmart Inc est dot\u00e9e d\u2019\u00e9quipements \u00e0 la fine pointe de la technologie pour nous permettre de vous procurer des diagnostics \u00e9lectroniques automobiles efficaces. En effet, de nos jours, il est de plus en plus difficile de faire des diagnostics ou d\u2019identifier certains probl\u00e8mes automobiles, car ils ne sont pas facilement visibles. \u00c0 cause de la technologie d\u00e9velopp\u00e9e et la mani\u00e8re dont les v\u00e9hicules sont con\u00e7us, il faut souvent utiliser la technologie ad\u00e9quate afin de pouvoir diagnostiquer convenablement le probl\u00e8me ou la panne.<\/p>\n<\/p>\n<p>Le diagnostic \u00e9lectronique permet une analyse compl\u00e8te et int\u00e9grale de la voiture et a localis\u00e9 m\u00eame les pannes pr\u00e9liminaires. Son but est avant tout de d\u00e9tecter toute anomalie ou probl\u00e8me li\u00e9s aux v\u00e9hicules qui ne sont pas identifiables au toucher. Lorsque l\u2019appareil sera branch\u00e9 \u00e0 vote voiture, il pourra localiser la provenance du probl\u00e8me (frein, moteur, transmission, etc.) et les m\u00e9caniciens de Transmart Inc sauront quoi faire pour le r\u00e9soudre.<\/p>\n<p>D\u00e8s que vous remarquez un signal allum\u00e9 sur le tableau de bord, lors de l\u2019entretien r\u00e9gulier, de la r\u00e9vision ou surtout en cas de panne, n\u2019h\u00e9sitez pas \u00e0 demander un diagnostic \u00e9lectronique pour en conna\u00eetre la cause. Gr\u00e2ce \u00e0 sa pr\u00e9cision, vous saurez les prochaines \u00e9tapes \u00e0 prendre, s\u2019il s\u2019agit simplement de remplacer la pi\u00e8ce qui ne fonctionne pas ou de r\u00e9initialiser le syst\u00e8me. Pour cela, ne n\u00e9gligez pas vos rendez-vous r\u00e9guliers chez Transmart Inc, car l\u2019id\u00e9al est \u00e9videmment de s\u2019y prendre avant que les probl\u00e8mes ne surviennent et ne causent une vraie panne, qui \u00e0 ce moment engendra plus de co\u00fbts et de probl\u00e8mes.<\/p>\n<p>Chez Transmart Inc, nos experts sauront comment vous aidez, il suffit de nous rendre visite \u00e0 Laval, Chomedey d\u00e8s aujourd\u2019hui!<\/p>\n<\/p><\/div>\n<\/p><\/div>\n<p><!-- \/lc-block --><\/p>\n<div class=\"lc-block\">\n<div lc-helper=\"shortcode\" class=\"live-shortcode\"><a class=\"contact btn\" href=\"https:\/\/www.transmissionlaval.com\/fr\/contact\/\" aria-label=\"Demandez un rendez-vous\">Demandez un rendez-vous<\/a><\/div>\n<\/p><\/div>\n<p><!-- \/lc-block -->\n\t\t\t<\/div>\n<p><!-- \/col --><\/p>\n<div class=\"col-lg-4\">\n<div class=\"lc-block info-box panel-collapse collapse d-xl-block\" id=\"coord-container\">\n\t\t\t\t\t<picture><source srcset=\"https:\/\/www.transmissionlaval.com\/wp-content\/uploads\/2021\/10\/Image_7.webp\" type=\"image\/webp\"><img decoding=\"async\" class=\"img-fluid mt-4 mx-auto mt-lg-0\" src=\"https:\/\/www.transmissionlaval.com\/wp-content\/uploads\/2021\/10\/Image_7.jpg\" alt=\"\"><\/picture>\n\t\t\t\t<\/div>\n<p><!-- \/lc-block -->\n\t\t\t<\/div>\n<p><!-- \/col -->\n\t\t<\/div>\n<\/p><\/div>\n<\/section>\n<section class=\"content-container grey\">\n<div class=\"container\">\n<div class=\"row\">\n<div class=\"col-lg-4 order-last order-lg-first\">\n<div class=\"lc-block\">\n\t\t\t\t\t<picture><source srcset=\"https:\/\/www.transmissionlaval.com\/wp-content\/uploads\/2021\/10\/Image_8.webp\" type=\"image\/webp\"><img decoding=\"async\" class=\"img-fluid mt-4 mt-lg-0\" src=\"https:\/\/www.transmissionlaval.com\/wp-content\/uploads\/2021\/10\/Image_8.jpg\" alt=\"\"><\/picture>\n\t\t\t\t<\/div>\n<p><!-- \/lc-block -->\n\t\t\t<\/div>\n<p><!-- \/col --><\/p>\n<div class=\"col-lg-8 order-first order-lg-last\">\n<div class=\"lc-block\">\n<div editable=\"rich\">\n<h2>Un diagnostic \u00e9lectronique automobile pour une conduite en s\u00e9curit\u00e9 \u00e0 Chomedey, Laval<\/h2>\n<p>Si vous \u00eates \u00e0 Laval, Chomedey, chez Transmart Inc, nous vous conseillons de venir nous rendre visite pour le diagnostic \u00e9lectronique de votre voiture. De nos jours, il y a de nombreuses anomalies et dysfonctions qu\u2019il est difficile d\u2019identifier \u00e0 la main, \u00e0 cause de la mani\u00e8re dont sont con\u00e7ues les automobiles modernes. Pour cela, Transmart Inc s\u2019est arm\u00e9 des technologies r\u00e9centes afin de r\u00e9pondre \u00e0 la demande.<\/p>\n<\/p>\n<p>Gr\u00e2ce au diagnostic \u00e9lectronique, nous pouvons identifier tous les probl\u00e8mes et leur provenance, ce qui vous permet d\u2019avoir une \u00e9valuation exacte et de r\u00e9soudre votre probl\u00e8me efficacement.<\/p>\n<p>Chez Transmart Inc, nos m\u00e9caniciens pourront identifier la pi\u00e8ce exacte qui a besoin d\u2019\u00eatre chang\u00e9e, ce qui sauvera temps et argent, car il peut s\u2019av\u00e9rer que votre voiture ait seulement besoin d\u2019une r\u00e9initialisation.<\/p>\n<p>Contactez-nous d\u00e8s aujourd\u2019hui pour plus d\u2019informations au 450-933-5572&nbsp;<\/p>\n<\/p><\/div>\n<\/p><\/div>\n<p><!-- \/lc-block --><\/p>\n<div class=\"lc-block\">\n<div lc-helper=\"shortcode\" class=\"live-shortcode\"><a class=\"contact btn\" href=\"https:\/\/www.transmissionlaval.com\/fr\/contact\/\" aria-label=\"Demandez un rendez-vous\">Demandez un rendez-vous<\/a><\/div>\n<\/p><\/div>\n<p><!-- \/lc-block -->\n\t\t\t<\/div>\n<p><!-- \/col -->\n\t\t<\/div>\n<\/p><\/div>\n<\/section>\n<section class=\"content-container\">\n<div class=\"container\">\n<div class=\"row\">\n<div class=\"col-lg-6\">\n<div class=\"lc-block\">\n<div lc-helper=\"shortcode\" class=\"live-shortcode\"><h2>Services offerts :<\/h2><ul><li>R\u00e9paration et installation de transmission<\/li><li>Vente de pi\u00e8ces<\/li><li>Changement d\u2019huile<\/li><li>Changement refroidisseur d\u2019huile<\/li><li>Diagnostique d\u2018\u00e9lectronique<\/li><li>Installation de transmission r\u00e9usin\u00e9 et usag\u00e9<\/li><\/ul><\/div>\n<\/p><\/div>\n<p><!-- \/lc-block -->\n\t\t\t<\/div>\n<p><!-- \/col --><\/p>\n<div class=\"col-lg-6\">\n<div class=\"lc-block\">\n<div lc-helper=\"shortcode\" class=\"live-shortcode\"><div class=\"side_infos\"><p class=\"company_name\">Transmart Inc<\/p><p class=\"address\">1992 avenue Francis-Hugues<br>Chomedey, Laval  H7S 1N4<\/p><a class=\"contact btn\" href=\"https:\/\/www.transmissionlaval.com\/fr\/contact\/\" aria-label=\"Contactez-nous\">Contactez-nous<\/a><p class=\"telephone\">Tel. : 450-933-5572<\/p><p class=\"heures-ouverture\">Heures d'ouverture <br>Lundi au jeudi de 8h \u00e0 17h\r\n<\/p><picture><source srcset=\"\/wp-content\/uploads\/2021\/10\/paiements.webp\" type=\"image\/webp\"><img decoding=\"async\" src=\"\/wp-content\/uploads\/2021\/10\/paiements.png\" alt=\"\"><\/picture><\/div><\/div>\n<\/p><\/div>\n<p><!-- \/lc-block -->\n\t\t\t<\/div>\n<p><!-- \/col -->\n\t\t<\/div>\n<\/p><\/div>\n<\/section>\n<section class=\"content-container grey\">\n<div class=\"container\">\n<div class=\"row\">\n<div class=\"col-lg-5 order-last order-lg-first\">\n<div class=\"lc-block\">\n\t\t\t\t\t<picture><source srcset=\"https:\/\/www.transmissionlaval.com\/wp-content\/uploads\/2021\/10\/Image_9.webp\" type=\"image\/webp\"><img decoding=\"async\" class=\"img-fluid mt-4 mt-lg-0\" src=\"https:\/\/www.transmissionlaval.com\/wp-content\/uploads\/2021\/10\/Image_9.jpg\" alt=\"\"><\/picture>\n\t\t\t\t<\/div>\n<p><!-- \/lc-block -->\n\t\t\t<\/div>\n<p><!-- \/col --><\/p>\n<div class=\"col-lg-7 order-first order-lg-last\">\n<div class=\"lc-block\">\n<div editable=\"rich\">\n<h2>Quels sont les b\u00e9n\u00e9fices du diagnostic \u00e9lectronique automobile?<\/h2>\n<p>Gr\u00e2ce au diagnostic \u00e9lectronique que nous offrons \u00e0 Chomedey, Laval, vous pourrez facilement savoir le probl\u00e8me exact qu\u2019a votre voiture, souvent bien avant que cela ne soit trop grave. \u00c0 cause de la modernit\u00e9 des v\u00e9hicules actuels, il faut utiliser des outils performants pour pouvoir les \u00e9valuer et c\u2019est pour cela que Transmart Inc s\u2019est dot\u00e9 d\u2019outils \u00e0 la fine pointe de la technologie.<\/p>\n<\/p>\n<p>Chez Transmart Inc, nos m\u00e9caniciens sauront vous conseiller et bien lire les r\u00e9sultats afin de vous accompagner dans les prochaines \u00e9tapes, soit de remplacer une ou plusieurs pi\u00e8ces, ou toute autre chose qu\u2019ils jugeront bonne pour r\u00e9soudre la panne ou le probl\u00e8me.<\/p>\n<p>N\u2019attendez donc pas pour venir nous rendre visite. Si vous \u00eates \u00e0 Chomedey, contactez-nous d\u00e8s aujourd\u2019hui pour un diagnostic \u00e9lectronique pr\u00e9cis.<\/p>\n<\/p><\/div>\n<\/p><\/div>\n<p><!-- \/lc-block --><\/p>\n<div class=\"lc-block\">\n<div lc-helper=\"shortcode\" class=\"live-shortcode\"><a class=\"contact btn\" href=\"https:\/\/www.transmissionlaval.com\/fr\/contact\/\" aria-label=\"Demandez un rendez-vous\">Demandez un rendez-vous<\/a><\/div>\n<\/p><\/div>\n<p><!-- \/lc-block -->\n\t\t\t<\/div>\n<p><!-- \/col -->\n\t\t<\/div>\n<\/p><\/div>\n<\/section>\n","protected":false},"excerpt":{"rendered":"<p>Transmart Inc Diagnostic \u00e9lectronique pour voiture \u00e0 Chomedey, Laval Diagnostic \u00e9lectronique de votre voiture \u00e0 Chomedey, Laval avec Transmart Inc \u00c0 Laval, Chomedey, Transmart Inc est dot\u00e9e d\u2019\u00e9quipements \u00e0 la fine pointe de la technologie pour nous permettre de vous procurer des diagnostics \u00e9lectroniques automobiles efficaces. En effet, de nos jours, il est de plus [&hellip;]<\/p>\n","protected":false},"author":1,"featured_media":0,"parent":0,"menu_order":0,"comment_status":"closed","ping_status":"closed","template":"","meta":{"footnotes":""},"class_list":["post-14","page","type-page","status-publish","hentry"],"_links":{"self":[{"href":"https:\/\/www.transmissionlaval.com\/fr\/wp-json\/wp\/v2\/pages\/14","targetHints":{"allow":["GET"]}}],"collection":[{"href":"https:\/\/www.transmissionlaval.com\/fr\/wp-json\/wp\/v2\/pages"}],"about":[{"href":"https:\/\/www.transmissionlaval.com\/fr\/wp-json\/wp\/v2\/types\/page"}],"author":[{"embeddable":true,"href":"https:\/\/www.transmissionlaval.com\/fr\/wp-json\/wp\/v2\/users\/1"}],"replies":[{"embeddable":true,"href":"https:\/\/www.transmissionlaval.com\/fr\/wp-json\/wp\/v2\/comments?post=14"}],"version-history":[{"count":5,"href":"https:\/\/www.transmissionlaval.com\/fr\/wp-json\/wp\/v2\/pages\/14\/revisions"}],"predecessor-version":[{"id":694,"href":"https:\/\/www.transmissionlaval.com\/fr\/wp-json\/wp\/v2\/pages\/14\/revisions\/694"}],"wp:attachment":[{"href":"https:\/\/www.transmissionlaval.com\/fr\/wp-json\/wp\/v2\/media?parent=14"}],"curies":[{"name":"wp","href":"https:\/\/api.w.org\/{rel}","templated":true}]}}